{"id":1322,"date":"2022-06-29T11:36:11","date_gmt":"2022-06-29T11:36:11","guid":{"rendered":"https:\/\/esfrecelaya.com\/?page_id=1322"},"modified":"2026-04-01T16:22:26","modified_gmt":"2026-04-01T16:22:26","slug":"fisioterapia-quiropractica-y-rehabilitacion-deportiva","status":"publish","type":"page","link":"https:\/\/esfrezumpango.com\/index.php\/fisioterapia-quiropractica-y-rehabilitacion-deportiva\/","title":{"rendered":"Fisioterapia, Quiropr\u00e1ctica y Rehabilitaci\u00f3n Deportiva"},"content":{"rendered":"\n<div class=\"wp-block-cover alignfull has-parallax\" style=\"min-height:380px;aspect-ratio:unset;\"><span aria-hidden=\"true\" class=\"wp-block-cover__background has-vivid-cyan-blue-background-color has-background-dim-80 has-background-dim\"><\/span><div class=\"wp-block-cover__image-background wp-image-1949 has-parallax\" style=\"background-position:50% 50%;background-image:url(https:\/\/esfrezumpango.com\/wp-content\/uploads\/2023\/07\/iStock-952643772-scaled.jpg)\"><\/div><div class=\"wp-block-cover__inner-container is-layout-flow wp-block-cover-is-layout-flow\">\n<p class=\"has-text-align-center has-large-font-size\"><\/p>\n<\/div><\/div>\n\n\n\n<div style=\"height:25px\" aria-hidden=\"true\" class=\"wp-block-spacer\"><\/div>\n\n\n\n<div class=\"inherit-container-width wp-block-group alignfull has-ast-global-color-5-background-color has-background is-layout-constrained wp-block-group-is-layout-constrained\"><div class=\"wp-block-group__inner-container\">\n<div class=\"wp-block-columns is-layout-flex wp-container-core-columns-is-layout-1 wp-block-columns-is-layout-flex\">\n<div class=\"wp-block-column is-layout-flow wp-block-column-is-layout-flow\">\n<figure class=\"wp-block-image size-full\"><img loading=\"lazy\" decoding=\"async\" width=\"350\" height=\"350\" src=\"http:\/\/esfrezumpango.com\/wp-content\/uploads\/2022\/06\/fisio1.jpg\" alt=\"\" class=\"wp-image-1434\" srcset=\"https:\/\/esfrezumpango.com\/wp-content\/uploads\/2022\/06\/fisio1.jpg 350w, https:\/\/esfrezumpango.com\/wp-content\/uploads\/2022\/06\/fisio1-300x300.jpg 300w, https:\/\/esfrezumpango.com\/wp-content\/uploads\/2022\/06\/fisio1-150x150.jpg 150w\" sizes=\"(max-width: 350px) 100vw, 350px\" \/><\/figure>\n<\/div>\n\n\n\n<div class=\"wp-block-column is-layout-flow wp-block-column-is-layout-flow\">\n<figure class=\"wp-block-image size-full\"><img loading=\"lazy\" decoding=\"async\" width=\"350\" height=\"350\" src=\"http:\/\/esfrezumpango.com\/wp-content\/uploads\/2022\/06\/fisio2.jpg\" alt=\"\" class=\"wp-image-1435\" srcset=\"https:\/\/esfrezumpango.com\/wp-content\/uploads\/2022\/06\/fisio2.jpg 350w, https:\/\/esfrezumpango.com\/wp-content\/uploads\/2022\/06\/fisio2-300x300.jpg 300w, https:\/\/esfrezumpango.com\/wp-content\/uploads\/2022\/06\/fisio2-150x150.jpg 150w\" sizes=\"(max-width: 350px) 100vw, 350px\" \/><\/figure>\n<\/div>\n\n\n\n<div class=\"wp-block-column is-layout-flow wp-block-column-is-layout-flow\">\n<p><br>La manipulaci\u00f3n y el ejercicio son los dos m\u00e9todos que son primordiales en el tratamiento de lesiones Neuro-m\u00fasculo-esquel\u00e9ticas. La combinaci\u00f3n de la asistencia pasiva y activa es el nuevo arte que requiere t\u00e9cnicas fundamentales.<\/p>\n\n\n\n<p><strong>Informaci\u00f3n<br>Duraci\u00f3n:<\/strong> 2 a\u00f1os 6 meses (10 trimestres).<br><strong>Horario: <\/strong>Un solo d\u00eda a la semana con clases de 6 hrs.<br><strong>Clases: <\/strong>80% pr\u00e1ctica y 20% teor\u00eda.<\/p>\n<\/div>\n<\/div>\n<\/div><\/div>\n\n\n\n<div class=\"inherit-container-width wp-block-group alignfull has-ast-global-color-4-background-color has-background is-layout-constrained wp-block-group-is-layout-constrained\"><div class=\"wp-block-group__inner-container\">\n<div class=\"wp-block-columns is-layout-flex wp-container-core-columns-is-layout-2 wp-block-columns-is-layout-flex\">\n<div class=\"wp-block-column is-layout-flow wp-block-column-is-layout-flow\">\n<h2 class=\"wp-block-heading has-ast-global-color-5-color has-ast-global-color-0-background-color has-text-color has-background\">Primer Trimestre<\/h2>\n\n\n\n<ul class=\"wp-block-list\">\n<li>Psicolog\u00eda aplicada a la fisioquiropr\u00e1ctica.<\/li>\n\n\n\n<li>Introducci\u00f3n a la anatom\u00eda ,terminolog\u00eda, movimientos, planos, posiciones, orientaciones y t\u00e9rminos de relaci\u00f3n.<\/li>\n\n\n\n<li>Sistema m\u00fasculo esquel\u00e9tico cr\u00e1neo.<\/li>\n\n\n\n<li>Sistema m\u00fasculo esquel\u00e9tico columna.<\/li>\n\n\n\n<li>Sistema m\u00fasculo esquel\u00e9tico miembros superiores.<\/li>\n\n\n\n<li>Sistema m\u00fasculo esquel\u00e9tico miembros inferiores.<\/li>\n\n\n\n<li>Signos vitales, oximetr\u00eda y prevenci\u00f3n sanitaria nueva normalidad.<\/li>\n\n\n\n<li>Expediente cl\u00ednico.<\/li>\n\n\n\n<li>Biomec\u00e1nica, kinesiolog\u00eda y goniometr\u00eda.<\/li>\n<\/ul>\n<\/div>\n\n\n\n<div class=\"wp-block-column is-layout-flow wp-block-column-is-layout-flow\">\n<h2 class=\"wp-block-heading has-ast-global-color-5-color has-ast-global-color-0-background-color has-text-color has-background\">Segundo Trimestre<\/h2>\n\n\n\n<ul class=\"wp-block-list\">\n<li>Patolog\u00eda de la inflamaci\u00f3n.<\/li>\n\n\n\n<li>Radiolog\u00eda y pr\u00e1cticas radiol\u00f3gicas.<\/li>\n\n\n\n<li>Masaje sueco.<\/li>\n\n\n\n<li>Sistema y masaje &#8211; drenaje linf\u00e1tico manual (DLM).<\/li>\n\n\n\n<li>Introducci\u00f3n a los agentes f\u00edsicos-hidroteparia, tinas de remolino, crioterapia y termoterapia.<\/li>\n\n\n\n<li>Generalidades del sistema nervioso.<\/li>\n<\/ul>\n<\/div>\n<\/div>\n\n\n\n<div class=\"wp-block-columns is-layout-flex wp-container-core-columns-is-layout-3 wp-block-columns-is-layout-flex\">\n<div class=\"wp-block-column is-layout-flow wp-block-column-is-layout-flow\">\n<h2 class=\"wp-block-heading has-ast-global-color-5-color has-ast-global-color-0-background-color has-text-color has-background\">Tercer Trimestre<\/h2>\n\n\n\n<ul class=\"wp-block-list\">\n<li>Hidroterapia &#8211; Cataplasma enzim\u00e1tico<\/li>\n\n\n\n<li>Hidroterapia &#8211; Sauna<\/li>\n\n\n\n<li>Fototerapia (Rayos infrarojos y ultravioleta)<\/li>\n\n\n\n<li>Electroterapia  Tens -Ems corrientes rusas.<\/li>\n\n\n\n<li>Electroterapia  corrientes interferenciales \/ magnetoterapia.<\/li>\n\n\n\n<li>Electroterapia  l\u00e1ser y ultrasonido.<\/li>\n\n\n\n<li>Mecanoterapia.<\/li>\n\n\n\n<li>Patolog\u00eda m\u00fasculo esquel\u00e9ticas de cr\u00e1neo y columna.<\/li>\n\n\n\n<li>Exploraci\u00f3n f\u00edsica de cervicales y temporomandibular.<\/li>\n\n\n\n<li>Exploraci\u00f3n f\u00edsica de columna dorsal y lumbar.<\/li>\n<\/ul>\n<\/div>\n\n\n\n<div class=\"wp-block-column is-layout-flow wp-block-column-is-layout-flow\">\n<h2 class=\"wp-block-heading has-ast-global-color-5-color has-ast-global-color-0-background-color has-text-color has-background\">Cuarto Trimestre<\/h2>\n\n\n\n<ul class=\"wp-block-list\">\n<li>Fisioterapia de columna &#8211; hidroterapia &#8211; electroterapia y mecanoterapia.<\/li>\n\n\n\n<li>Prevenci\u00f3n de lesiones en trataientos quiropr\u00e1cticos.<\/li>\n\n\n\n<li>Quiropr\u00e1ctica I, ajustes de columna.<\/li>\n\n\n\n<li>Quiropr\u00e1ctica II, ajustes de columna.<\/li>\n\n\n\n<li>Quiropr\u00e1ctica III, ajustes de columna.<\/li>\n\n\n\n<li>Quiropr\u00e1ctica IV, ajustes de vertebras.<\/li>\n\n\n\n<li>Desarrollos de casos cl\u00ednicos con tratamiento o ejercicios terap\u00e9uticos o ajustes  quiropr\u00e1cticos.<\/li>\n\n\n\n<li>Patolog\u00edas de miembros superiores.<\/li>\n\n\n\n<li>Exploraci\u00f3n f\u00edsica del hombro y codo.<\/li>\n<\/ul>\n<\/div>\n<\/div>\n\n\n\n<div class=\"wp-block-columns is-layout-flex wp-container-core-columns-is-layout-4 wp-block-columns-is-layout-flex\">\n<div class=\"wp-block-column is-layout-flow wp-block-column-is-layout-flow\">\n<h2 class=\"wp-block-heading has-ast-global-color-5-color has-ast-global-color-0-background-color has-text-color has-background\">Quinto Trimestre<\/h2>\n\n\n\n<ul class=\"wp-block-list\">\n<li>Exploraci\u00f3n f\u00edsica de mu\u00f1eca y manos.<\/li>\n\n\n\n<li>Fisioterapia de miembros superiores &#8211; hidroterapia, electroterapia  y mecanoterapia.<\/li>\n\n\n\n<li>Ajustes quieropr\u00e1cticos de miembros superiores.<\/li>\n\n\n\n<li>Desarrollo de casos cl\u00ednicos con tratamientos o ejercicios terap\u00e9uticos o quiropracticos de miembros superiores.<\/li>\n\n\n\n<li>Patolog\u00edas de miembros superiores.<\/li>\n\n\n\n<li>Exploraci\u00f3n f\u00edsica de cadera, pelcis y marcha.<\/li>\n\n\n\n<li>Exploraci\u00f3n f\u00edsica de rodilla.<\/li>\n\n\n\n<li>Exploraci\u00f3n fi\u00edsica de tobillo y pie.<\/li>\n\n\n\n<li>Fisioterapia de  miembros inferiores- hidroterapia -electroterapia y mecanoterapia.  <\/li>\n<\/ul>\n<\/div>\n\n\n\n<div class=\"wp-block-column is-layout-flow wp-block-column-is-layout-flow\">\n<h2 class=\"wp-block-heading has-ast-global-color-5-color has-ast-global-color-0-background-color has-text-color has-background\">Sexto Trimestre<\/h2>\n\n\n\n<ul class=\"wp-block-list\">\n<li>Ajustes quieropr\u00e1cticos de miembros inferiores.<\/li>\n\n\n\n<li>Desarrollo de casos cl\u00ednicos con tratamientos o ejercicios terap\u00e9uticos o quiropracticos de miembros inferiores.<\/li>\n\n\n\n<li>Psicolog\u00eda corporal.<\/li>\n\n\n\n<li>Reflexolog\u00eda causas y efectos.<\/li>\n\n\n\n<li>Digito presi\u00f3n plantar.<\/li>\n\n\n\n<li>Ventosas y quiromasaje.<\/li>\n\n\n\n<li>Ortesis y pr\u00f3tesis.<\/li>\n\n\n\n<li>Quiropr\u00e1ctica y ajustes: repaso de ajustes de columna, introducci\u00f3n actividad f\u00edsica.<\/li>\n\n\n\n<li>Actividad f\u00edsica con aparatos.<\/li>\n<\/ul>\n<\/div>\n<\/div>\n\n\n\n<div class=\"wp-block-columns is-layout-flex wp-container-core-columns-is-layout-5 wp-block-columns-is-layout-flex\">\n<div class=\"wp-block-column is-layout-flow wp-block-column-is-layout-flow\">\n<h2 class=\"wp-block-heading has-ast-global-color-5-color has-ast-global-color-0-background-color has-text-color has-background\">Septimo Trimestre<\/h2>\n\n\n\n<ul class=\"wp-block-list\">\n<li>Lesiones deportivas y medicina del deporte.<\/li>\n\n\n\n<li>Masaje reductivo, pre-desarrollo, post competencia.<\/li>\n\n\n\n<li>Nutrici\u00f3n.<\/li>\n\n\n\n<li>Masaje reductivo.<\/li>\n\n\n\n<li>Vendaje neuromuscular.<\/li>\n\n\n\n<li>Terapia acu\u00e1tica en tanque terap\u00e9utico.<\/li>\n<\/ul>\n<\/div>\n\n\n\n<div class=\"wp-block-column is-layout-flow wp-block-column-is-layout-flow\">\n<h2 class=\"wp-block-heading has-ast-global-color-5-color has-ast-global-color-0-background-color has-text-color has-background\">Octavo Trimestre<\/h2>\n\n\n\n<ul class=\"wp-block-list\">\n<li>Desarrollo psicomotor infantil y estimulaci\u00f3n temprana.<\/li>\n\n\n\n<li>Teor\u00edas y principios de rehabilitaci\u00f3n neurol\u00f3gica.<\/li>\n\n\n\n<li>Rutinas de facilitaci\u00f3n neurol\u00f3gica.<\/li>\n\n\n\n<li>S\u00edndromes extrapiramidales y patolog\u00eda m\u00e1s comunes.<\/li>\n\n\n\n<li>S\u00edndromes piramidales y patolog\u00eda m\u00e1s comunes.<\/li>\n\n\n\n<li>Lesiones medulares.<\/li>\n\n\n\n<li>Par\u00e1lisis cerebral infantil.<\/li>\n\n\n\n<li>Farmacolog\u00eda: conocimiento y aspectos legales.<\/li>\n<\/ul>\n<\/div>\n<\/div>\n\n\n\n<div class=\"wp-block-columns is-layout-flex wp-container-core-columns-is-layout-6 wp-block-columns-is-layout-flex\">\n<div class=\"wp-block-column is-layout-flow wp-block-column-is-layout-flow\">\n<h2 class=\"wp-block-heading has-ast-global-color-5-color has-ast-global-color-0-background-color has-text-color has-background\">Noveno Trimestre<\/h2>\n\n\n\n<ul class=\"wp-block-list\">\n<li>Sistema cardiovascular y pulmonar.<\/li>\n\n\n\n<li>Especialidades cl\u00ednicas cardiopulmonares y bronquiales.<\/li>\n\n\n\n<li>Geriatr\u00eda.<\/li>\n\n\n\n<li>Cuidados paliativos fisioterapia y rehabilitaci\u00f3n en patolog\u00edas terminales.<\/li>\n\n\n\n<li>Patolog\u00edas articulares.<\/li>\n\n\n\n<li>Quemados.<\/li>\n\n\n\n<li>Primeros auxilios para fisioquiropr\u00e1cticos.<\/li>\n<\/ul>\n<\/div>\n\n\n\n<div class=\"wp-block-column is-layout-flow wp-block-column-is-layout-flow\">\n<h2 class=\"wp-block-heading has-ast-global-color-5-color has-ast-global-color-0-background-color has-text-color has-background\">Decimo Trimestre<\/h2>\n\n\n\n<ul class=\"wp-block-list\">\n<li>Aparatos deambulatorios y traslado de pacientes.<\/li>\n\n\n\n<li>\u00c9tica profesional y jur\u00eddica.<\/li>\n\n\n\n<li>Fisiolog\u00eda aplicada al centro cl\u00ednico.<\/li>\n\n\n\n<li>Habilitaci\u00f3n f\u00edsica funcional<\/li>\n\n\n\n<li>Repaso general de terapia f\u00edsica y rehabilitaci\u00f3n \/HFF.<\/li>\n\n\n\n<li>Examen general de terapia f\u00edsica y rehabilitaci\u00f3n \/HFF.<\/li>\n\n\n\n<li>Repaso general de quiropr\u00e1ctica.<\/li>\n\n\n\n<li>Examen general de quiropr\u00e1ctica.<\/li>\n\n\n\n<li>Repaso general te\u00f3rico.<\/li>\n\n\n\n<li>Examen final te\u00f3rico.<\/li>\n<\/ul>\n<\/div>\n<\/div>\n<\/div><\/div>\n\n\n\n<h2 class=\"wp-block-heading\"><strong>\u00a1iNSCRIBETE YA!<\/strong><\/h2>\n\n\n\n<figure class=\"wp-block-image size-large\"><img loading=\"lazy\" decoding=\"async\" width=\"819\" height=\"1024\" src=\"https:\/\/esfrezumpango.com\/wp-content\/uploads\/2026\/04\/FISIOTERAPIA-QUIROPRACTICA-Y-REHABILITACION-3-819x1024.png\" alt=\"\" class=\"wp-image-2205\" srcset=\"https:\/\/esfrezumpango.com\/wp-content\/uploads\/2026\/04\/FISIOTERAPIA-QUIROPRACTICA-Y-REHABILITACION-3-819x1024.png 819w, https:\/\/esfrezumpango.com\/wp-content\/uploads\/2026\/04\/FISIOTERAPIA-QUIROPRACTICA-Y-REHABILITACION-3-240x300.png 240w, https:\/\/esfrezumpango.com\/wp-content\/uploads\/2026\/04\/FISIOTERAPIA-QUIROPRACTICA-Y-REHABILITACION-3-768x960.png 768w, https:\/\/esfrezumpango.com\/wp-content\/uploads\/2026\/04\/FISIOTERAPIA-QUIROPRACTICA-Y-REHABILITACION-3.png 1080w\" sizes=\"(max-width: 819px) 100vw, 819px\" \/><\/figure>\n\n\n\n<p><\/p>\n\n\n\n<p><\/p>\n","protected":false},"excerpt":{"rendered":"<p>La manipulaci\u00f3n y el ejercicio son los dos m\u00e9todos que son primordiales en el tratamiento de lesiones Neuro-m\u00fasculo-esquel\u00e9ticas. La combinaci\u00f3n de la asistencia pasiva y activa es el nuevo arte que requiere t\u00e9cnicas fundamentales. Informaci\u00f3nDuraci\u00f3n: 2 a\u00f1os 6 meses (10 trimestres).Horario: Un solo d\u00eda a la semana con clases de 6 hrs.Clases: 80% pr\u00e1ctica y [&hellip;]<\/p>\n","protected":false},"author":1,"featured_media":0,"parent":0,"menu_order":0,"comment_status":"closed","ping_status":"closed","template":"","meta":{"_uag_custom_page_level_css":"","site-sidebar-layout":"no-sidebar","site-content-layout":"plain-container","ast-site-content-layout":"normal-width-container","site-content-style":"unboxed","site-sidebar-style":"unboxed","ast-global-header-display":"","ast-banner-title-visibility":"","ast-main-header-display":"","ast-hfb-above-header-display":"","ast-hfb-below-header-display":"","ast-hfb-mobile-header-display":"","site-post-title":"disabled","ast-breadcrumbs-content":"","ast-featured-img":"disabled","footer-sml-layout":"","theme-transparent-header-meta":"enabled","adv-header-id-meta":"","stick-header-meta":"","header-above-stick-meta":"","header-main-stick-meta":"","header-below-stick-meta":"","astra-migrate-meta-layouts":"set","ast-page-background-enabled":"default","ast-page-background-meta":{"desktop":{"background-color":"","background-image":"","background-repeat":"repeat","background-position":"center center","background-size":"auto","background-attachment":"scroll","background-type":"","background-media":"","overlay-type":"","overlay-color":"","overlay-opacity":"","overlay-gradient":""},"tablet":{"background-color":"","background-image":"","background-repeat":"repeat","background-position":"center center","background-size":"auto","background-attachment":"scroll","background-type":"","background-media":"","overlay-type":"","overlay-color":"","overlay-opacity":"","overlay-gradient":""},"mobile":{"background-color":"","background-image":"","background-repeat":"repeat","background-position":"center center","background-size":"auto","background-attachment":"scroll","background-type":"","background-media":"","overlay-type":"","overlay-color":"","overlay-opacity":"","overlay-gradient":""}},"ast-content-background-meta":{"desktop":{"background-color":"var(--ast-global-color-5)","background-image":"","background-repeat":"repeat","background-position":"center center","background-size":"auto","background-attachment":"scroll","background-type":"","background-media":"","overlay-type":"","overlay-color":"","overlay-opacity":"","overlay-gradient":""},"tablet":{"background-color":"var(--ast-global-color-5)","background-image":"","background-repeat":"repeat","background-position":"center center","background-size":"auto","background-attachment":"scroll","background-type":"","background-media":"","overlay-type":"","overlay-color":"","overlay-opacity":"","overlay-gradient":""},"mobile":{"background-color":"var(--ast-global-color-5)","background-image":"","background-repeat":"repeat","background-position":"center center","background-size":"auto","background-attachment":"scroll","background-type":"","background-media":"","overlay-type":"","overlay-color":"","overlay-opacity":"","overlay-gradient":""}},"footnotes":""},"class_list":["post-1322","page","type-page","status-publish","hentry"],"uagb_featured_image_src":{"full":false,"thumbnail":false,"medium":false,"medium_large":false,"large":false,"1536x1536":false,"2048x2048":false},"uagb_author_info":{"display_name":"JuanManuel","author_link":"https:\/\/esfrezumpango.com\/index.php\/author\/juanmanuel\/"},"uagb_comment_info":0,"uagb_excerpt":"La manipulaci\u00f3n y el ejercicio son los dos m\u00e9todos que son primordiales en el tratamiento de lesiones Neuro-m\u00fasculo-esquel\u00e9ticas. La combinaci\u00f3n de la asistencia pasiva y activa es el nuevo arte que requiere t\u00e9cnicas fundamentales. Informaci\u00f3nDuraci\u00f3n: 2 a\u00f1os 6 meses (10 trimestres).Horario: Un solo d\u00eda a la semana con clases de 6 hrs.Clases: 80% pr\u00e1ctica y&hellip;","_links":{"self":[{"href":"https:\/\/esfrezumpango.com\/index.php\/wp-json\/wp\/v2\/pages\/1322"}],"collection":[{"href":"https:\/\/esfrezumpango.com\/index.php\/wp-json\/wp\/v2\/pages"}],"about":[{"href":"https:\/\/esfrezumpango.com\/index.php\/wp-json\/wp\/v2\/types\/page"}],"author":[{"embeddable":true,"href":"https:\/\/esfrezumpango.com\/index.php\/wp-json\/wp\/v2\/users\/1"}],"replies":[{"embeddable":true,"href":"https:\/\/esfrezumpango.com\/index.php\/wp-json\/wp\/v2\/comments?post=1322"}],"version-history":[{"count":17,"href":"https:\/\/esfrezumpango.com\/index.php\/wp-json\/wp\/v2\/pages\/1322\/revisions"}],"predecessor-version":[{"id":2206,"href":"https:\/\/esfrezumpango.com\/index.php\/wp-json\/wp\/v2\/pages\/1322\/revisions\/2206"}],"wp:attachment":[{"href":"https:\/\/esfrezumpango.com\/index.php\/wp-json\/wp\/v2\/media?parent=1322"}],"curies":[{"name":"wp","href":"https:\/\/api.w.org\/{rel}","templated":true}]}}