{"id":1343,"date":"2022-06-29T15:05:52","date_gmt":"2022-06-29T15:05:52","guid":{"rendered":"https:\/\/esfrecelaya.com\/?page_id=1343"},"modified":"2026-04-06T15:26:21","modified_gmt":"2026-04-06T15:26:21","slug":"spa-masoterapia-deportiva-estetica","status":"publish","type":"page","link":"https:\/\/esfrezumpango.com\/index.php\/spa-masoterapia-deportiva-estetica\/","title":{"rendered":"Masoterapia y Est\u00e9tica"},"content":{"rendered":"\n<p class=\"has-text-align-center has-large-font-size\"><\/p>\n\n\n\n<div class=\"wp-block-cover alignfull has-parallax\" style=\"min-height:380px;aspect-ratio:unset;\"><span aria-hidden=\"true\" class=\"wp-block-cover__background has-vivid-cyan-blue-background-color has-background-dim-80 has-background-dim\"><\/span><div class=\"wp-block-cover__image-background wp-image-1345 has-parallax\" style=\"background-position:50% 50%;background-image:url(http:\/\/esfrezumpango.com\/wp-content\/uploads\/2022\/06\/masoterapia-1.jpg)\"><\/div><div class=\"wp-block-cover__inner-container is-layout-flow wp-block-cover-is-layout-flow\">\n<p class=\"has-text-align-center has-large-font-size\">APRENDE M\u00c1S DE 40 TERAPIAS Y MASAJES <\/p>\n<\/div><\/div>\n\n\n\n<div style=\"height:25px\" aria-hidden=\"true\" class=\"wp-block-spacer\"><\/div>\n\n\n\n<div class=\"inherit-container-width wp-block-group alignfull has-ast-global-color-5-background-color has-background is-layout-constrained wp-block-group-is-layout-constrained\"><div class=\"wp-block-group__inner-container\">\n<div class=\"wp-block-columns is-layout-flex wp-container-core-columns-is-layout-1 wp-block-columns-is-layout-flex\">\n<div class=\"wp-block-column is-layout-flow wp-block-column-is-layout-flow\">\n<figure class=\"wp-block-image size-full\"><img loading=\"lazy\" decoding=\"async\" width=\"350\" height=\"350\" src=\"http:\/\/esfrezumpango.com\/wp-content\/uploads\/2022\/06\/spa.jpg\" alt=\"\" class=\"wp-image-1427\" srcset=\"https:\/\/esfrezumpango.com\/wp-content\/uploads\/2022\/06\/spa.jpg 350w, https:\/\/esfrezumpango.com\/wp-content\/uploads\/2022\/06\/spa-300x300.jpg 300w, https:\/\/esfrezumpango.com\/wp-content\/uploads\/2022\/06\/spa-150x150.jpg 150w\" sizes=\"(max-width: 350px) 100vw, 350px\" \/><\/figure>\n<\/div>\n\n\n\n<div class=\"wp-block-column is-layout-flow wp-block-column-is-layout-flow\">\n<figure class=\"wp-block-image size-full\"><img loading=\"lazy\" decoding=\"async\" width=\"350\" height=\"350\" src=\"http:\/\/esfrezumpango.com\/wp-content\/uploads\/2022\/06\/spa2.jpg\" alt=\"\" class=\"wp-image-1430\" srcset=\"https:\/\/esfrezumpango.com\/wp-content\/uploads\/2022\/06\/spa2.jpg 350w, https:\/\/esfrezumpango.com\/wp-content\/uploads\/2022\/06\/spa2-300x300.jpg 300w, https:\/\/esfrezumpango.com\/wp-content\/uploads\/2022\/06\/spa2-150x150.jpg 150w\" sizes=\"(max-width: 350px) 100vw, 350px\" \/><\/figure>\n<\/div>\n\n\n\n<div class=\"wp-block-column is-layout-flow wp-block-column-is-layout-flow\">\n<p>La manipulaci\u00f3n y el ejercicio son los dos m\u00e9todos que son primordiales en el tratamiento de lesiones Neuro-m\u00fasculo-esquel\u00e9ticas. La combinaci\u00f3n de la asistencia pasiva y activa es el nuevo arte que requiere t\u00e9cnicas fundamentales.<\/p>\n\n\n\n<p><strong>Informaci\u00f3n<\/strong><br><strong>Duraci\u00f3n:<\/strong> 1 a\u00f1os 6 meses (3 Semestres).<br><strong>Horario:<\/strong> Un solo d\u00eda a la semana con clases de 6 hrs.<br><strong>Clases:<\/strong> 90% pr\u00e1ctica y 10% teor\u00eda.<\/p>\n<\/div>\n<\/div>\n<\/div><\/div>\n\n\n\n<div class=\"inherit-container-width wp-block-group alignfull has-ast-global-color-4-background-color has-background is-layout-constrained wp-block-group-is-layout-constrained\"><div class=\"wp-block-group__inner-container\">\n<div class=\"wp-block-columns is-layout-flex wp-container-core-columns-is-layout-2 wp-block-columns-is-layout-flex\">\n<div class=\"wp-block-column is-layout-flow wp-block-column-is-layout-flow\">\n<h2 class=\"wp-block-heading has-ast-global-color-5-color has-ast-global-color-0-background-color has-text-color has-background\">Plan de estudios<\/h2>\n\n\n\n<ul class=\"wp-block-list\">\n<li>Introducci\u00f3n a la anatom\u00eda (planos, posiciones y orientaciones) y prevenci\u00f3n sanitaria en la nueva normalidad.<\/li>\n\n\n\n<li>Anatom\u00eda muscoesquel\u00e9tica miembs superiores<\/li>\n\n\n\n<li>Anatom\u00eda muscoesquel\u00e9tica miembs inferiores<\/li>\n\n\n\n<li>Anatom\u00eda muscoesquel\u00e9tica columna<\/li>\n\n\n\n<li>Signos vitales y oximetr\u00eda<\/li>\n\n\n\n<li>Exploraci\u00f3n f\u00edsica de miembros superiores e inferiores<\/li>\n\n\n\n<li>Exploraci\u00f3n f\u00edsica columna.<\/li>\n\n\n\n<li>Hoja cl\u00ednica + Historia cl\u00ednica-corporal + Historia cl\u00ednica-facial.<\/li>\n\n\n\n<li>Masaje sueco.<\/li>\n\n\n\n<li>Drenaje linf\u00e1tico manual <\/li>\n\n\n\n<li>Masaje deportivo pre competencia.<\/li>\n\n\n\n<li>Masaje deportivo post competencia.<\/li>\n\n\n\n<li>Tens. ems-corrientes interferencial y corrientes rusas.<\/li>\n\n\n\n<li>Vendaje neuro-muscular.<\/li>\n\n\n\n<li>Habilitaci\u00f3n f\u00edsica funcional.<\/li>\n\n\n\n<li>Primeros auxilios.<\/li>\n\n\n\n<li>Masaje geri\u00e1trico.<\/li>\n\n\n\n<li>Feet tense y reflexolog\u00eda.<\/li>\n\n\n\n<li>Automasaje.<\/li>\n\n\n\n<li>Masaje shiatsu.<\/li>\n\n\n\n<li>Ayurveda \/ abhyanga.<\/li>\n\n\n\n<li>Masaje hol\u00edstico.<\/li>\n\n\n\n<li>Gotas de lluvia.<\/li>\n\n\n\n<li>Masaje (para beb\u00e9s) pedi\u00e1trico.<\/li>\n\n\n\n<li>Masaje post hospitalario.<\/li>\n\n\n\n<li>Masaje tailandes.<\/li>\n\n\n\n<li>Masaje lomi lomi.<\/li>\n\n\n\n<li>Deep tissue &#8211; masaje tejido profundo.<\/li>\n\n\n\n<li>Masaje con bamb\u00faes.<\/li>\n\n\n\n<li>Masaje spa y aromaterapia.<\/li>\n\n\n\n<li>Masaje de piedras calientes.<\/li>\n\n\n\n<li>Envolturas y fangos.<\/li>\n\n\n\n<li>Masaje facial y mascarillas.<\/li>\n\n\n\n<li>Hidroterapia &#8211; cleopatra -vino tinto.<\/li>\n\n\n\n<li>Hidroterapia -hierbas -rosas \u2013 c\u00edtricos.<\/li>\n\n\n\n<li>Hidroterapia-ba\u00f1o de ox\u00edgeno.<\/li>\n\n\n\n<li>Flores de bach.<\/li>\n\n\n\n<li>Masaje anticelulitis.<\/li>\n\n\n\n<li>Cavitaci\u00f3n y radio frecuencia.<\/li>\n\n\n\n<li>Vacumterapia.<\/li>\n\n\n\n<li>Nutrici\u00f3n.<\/li>\n\n\n\n<li>Masaje reductivo.<\/li>\n\n\n\n<li>Tratamiento contra estr\u00edas y microdermoabrasi\u00f3n.<\/li>\n\n\n\n<li>Corriente galv\u00e1nica.<\/li>\n\n\n\n<li>Electro porador.<\/li>\n\n\n\n<li>Hieloterapia.<\/li>\n\n\n\n<li>Maderoterapia.<\/li>\n\n\n\n<li>Depilaci\u00f3n.<\/li>\n<\/ul>\n<\/div>\n<\/div>\n<\/div><\/div>\n\n\n\n<p>INSCRIPCIONES ABIERTAS, PARA LOS DIAS : LUNES O SABADOS<\/p>\n\n\n\n<figure class=\"wp-block-image size-large\"><img loading=\"lazy\" decoding=\"async\" width=\"791\" height=\"1024\" src=\"https:\/\/esfrezumpango.com\/wp-content\/uploads\/2026\/04\/Flyer-Servicios-Spa-Minimalista-Rosa-Cafe-1-1-791x1024.png\" alt=\"\" class=\"wp-image-2215\" srcset=\"https:\/\/esfrezumpango.com\/wp-content\/uploads\/2026\/04\/Flyer-Servicios-Spa-Minimalista-Rosa-Cafe-1-1-791x1024.png 791w, https:\/\/esfrezumpango.com\/wp-content\/uploads\/2026\/04\/Flyer-Servicios-Spa-Minimalista-Rosa-Cafe-1-1-232x300.png 232w, https:\/\/esfrezumpango.com\/wp-content\/uploads\/2026\/04\/Flyer-Servicios-Spa-Minimalista-Rosa-Cafe-1-1-768x994.png 768w, https:\/\/esfrezumpango.com\/wp-content\/uploads\/2026\/04\/Flyer-Servicios-Spa-Minimalista-Rosa-Cafe-1-1-1187x1536.png 1187w, https:\/\/esfrezumpango.com\/wp-content\/uploads\/2026\/04\/Flyer-Servicios-Spa-Minimalista-Rosa-Cafe-1-1.png 1545w\" sizes=\"(max-width: 791px) 100vw, 791px\" \/><\/figure>\n\n\n\n<p><\/p>\n","protected":false},"excerpt":{"rendered":"<p>La manipulaci\u00f3n y el ejercicio son los dos m\u00e9todos que son primordiales en el tratamiento de lesiones Neuro-m\u00fasculo-esquel\u00e9ticas. La combinaci\u00f3n de la asistencia pasiva y activa es el nuevo arte que requiere t\u00e9cnicas fundamentales. Informaci\u00f3nDuraci\u00f3n: 1 a\u00f1os 6 meses (3 Semestres).Horario: Un solo d\u00eda a la semana con clases de 6 hrs.Clases: 90% pr\u00e1ctica y [&hellip;]<\/p>\n","protected":false},"author":1,"featured_media":0,"parent":0,"menu_order":0,"comment_status":"closed","ping_status":"closed","template":"","meta":{"_uag_custom_page_level_css":"","site-sidebar-layout":"no-sidebar","site-content-layout":"plain-container","ast-site-content-layout":"normal-width-container","site-content-style":"unboxed","site-sidebar-style":"unboxed","ast-global-header-display":"","ast-banner-title-visibility":"","ast-main-header-display":"","ast-hfb-above-header-display":"","ast-hfb-below-header-display":"","ast-hfb-mobile-header-display":"","site-post-title":"disabled","ast-breadcrumbs-content":"","ast-featured-img":"disabled","footer-sml-layout":"","theme-transparent-header-meta":"enabled","adv-header-id-meta":"","stick-header-meta":"","header-above-stick-meta":"","header-main-stick-meta":"","header-below-stick-meta":"","astra-migrate-meta-layouts":"set","ast-page-background-enabled":"default","ast-page-background-meta":{"desktop":{"background-color":"","background-image":"","background-repeat":"repeat","background-position":"center center","background-size":"auto","background-attachment":"scroll","background-type":"","background-media":"","overlay-type":"","overlay-color":"","overlay-opacity":"","overlay-gradient":""},"tablet":{"background-color":"","background-image":"","background-repeat":"repeat","background-position":"center center","background-size":"auto","background-attachment":"scroll","background-type":"","background-media":"","overlay-type":"","overlay-color":"","overlay-opacity":"","overlay-gradient":""},"mobile":{"background-color":"","background-image":"","background-repeat":"repeat","background-position":"center center","background-size":"auto","background-attachment":"scroll","background-type":"","background-media":"","overlay-type":"","overlay-color":"","overlay-opacity":"","overlay-gradient":""}},"ast-content-background-meta":{"desktop":{"background-color":"var(--ast-global-color-5)","background-image":"","background-repeat":"repeat","background-position":"center center","background-size":"auto","background-attachment":"scroll","background-type":"","background-media":"","overlay-type":"","overlay-color":"","overlay-opacity":"","overlay-gradient":""},"tablet":{"background-color":"var(--ast-global-color-5)","background-image":"","background-repeat":"repeat","background-position":"center center","background-size":"auto","background-attachment":"scroll","background-type":"","background-media":"","overlay-type":"","overlay-color":"","overlay-opacity":"","overlay-gradient":""},"mobile":{"background-color":"var(--ast-global-color-5)","background-image":"","background-repeat":"repeat","background-position":"center center","background-size":"auto","background-attachment":"scroll","background-type":"","background-media":"","overlay-type":"","overlay-color":"","overlay-opacity":"","overlay-gradient":""}},"footnotes":""},"class_list":["post-1343","page","type-page","status-publish","hentry"],"uagb_featured_image_src":{"full":false,"thumbnail":false,"medium":false,"medium_large":false,"large":false,"1536x1536":false,"2048x2048":false},"uagb_author_info":{"display_name":"JuanManuel","author_link":"https:\/\/esfrezumpango.com\/index.php\/author\/juanmanuel\/"},"uagb_comment_info":0,"uagb_excerpt":"La manipulaci\u00f3n y el ejercicio son los dos m\u00e9todos que son primordiales en el tratamiento de lesiones Neuro-m\u00fasculo-esquel\u00e9ticas. La combinaci\u00f3n de la asistencia pasiva y activa es el nuevo arte que requiere t\u00e9cnicas fundamentales. Informaci\u00f3nDuraci\u00f3n: 1 a\u00f1os 6 meses (3 Semestres).Horario: Un solo d\u00eda a la semana con clases de 6 hrs.Clases: 90% pr\u00e1ctica y&hellip;","_links":{"self":[{"href":"https:\/\/esfrezumpango.com\/index.php\/wp-json\/wp\/v2\/pages\/1343"}],"collection":[{"href":"https:\/\/esfrezumpango.com\/index.php\/wp-json\/wp\/v2\/pages"}],"about":[{"href":"https:\/\/esfrezumpango.com\/index.php\/wp-json\/wp\/v2\/types\/page"}],"author":[{"embeddable":true,"href":"https:\/\/esfrezumpango.com\/index.php\/wp-json\/wp\/v2\/users\/1"}],"replies":[{"embeddable":true,"href":"https:\/\/esfrezumpango.com\/index.php\/wp-json\/wp\/v2\/comments?post=1343"}],"version-history":[{"count":11,"href":"https:\/\/esfrezumpango.com\/index.php\/wp-json\/wp\/v2\/pages\/1343\/revisions"}],"predecessor-version":[{"id":2216,"href":"https:\/\/esfrezumpango.com\/index.php\/wp-json\/wp\/v2\/pages\/1343\/revisions\/2216"}],"wp:attachment":[{"href":"https:\/\/esfrezumpango.com\/index.php\/wp-json\/wp\/v2\/media?parent=1343"}],"curies":[{"name":"wp","href":"https:\/\/api.w.org\/{rel}","templated":true}]}}