{"id":1636,"date":"2022-06-26T21:36:53","date_gmt":"2022-06-26T21:36:53","guid":{"rendered":"http:\/\/esfrecelaya.com\/?page_id=2"},"modified":"2024-10-21T01:47:49","modified_gmt":"2024-10-21T01:47:49","slug":"admisiones","status":"publish","type":"page","link":"https:\/\/esfrezumpango.com\/index.php\/admisiones\/","title":{"rendered":"Admisiones"},"content":{"rendered":"\n<div class=\"wp-block-cover alignfull\" style=\"min-height:380px;aspect-ratio:unset;\"><span aria-hidden=\"true\" class=\"wp-block-cover__background has-vivid-cyan-blue-background-color has-background-dim-80 has-background-dim\"><\/span><img loading=\"lazy\" decoding=\"async\" width=\"2121\" height=\"1414\" class=\"wp-block-cover__image-background wp-image-1956\" alt=\"\" src=\"https:\/\/esfrezumpango.com\/wp-content\/uploads\/2023\/07\/iStock-1346561581-1.jpg\" style=\"object-position:45% 29%\" data-object-fit=\"cover\" data-object-position=\"45% 29%\" srcset=\"https:\/\/esfrezumpango.com\/wp-content\/uploads\/2023\/07\/iStock-1346561581-1.jpg 2121w, https:\/\/esfrezumpango.com\/wp-content\/uploads\/2023\/07\/iStock-1346561581-1-300x200.jpg 300w, https:\/\/esfrezumpango.com\/wp-content\/uploads\/2023\/07\/iStock-1346561581-1-1024x683.jpg 1024w, https:\/\/esfrezumpango.com\/wp-content\/uploads\/2023\/07\/iStock-1346561581-1-768x512.jpg 768w, https:\/\/esfrezumpango.com\/wp-content\/uploads\/2023\/07\/iStock-1346561581-1-1536x1024.jpg 1536w, https:\/\/esfrezumpango.com\/wp-content\/uploads\/2023\/07\/iStock-1346561581-1-2048x1365.jpg 2048w\" sizes=\"(max-width: 2121px) 100vw, 2121px\" \/><div class=\"wp-block-cover__inner-container is-layout-flow wp-block-cover-is-layout-flow\">\n<div style=\"height:220px\" aria-hidden=\"true\" class=\"wp-block-spacer\"><\/div>\n\n\n\n<p class=\"has-text-align-center has-large-font-size\">ADMISIONES<\/p>\n<\/div><\/div>\n\n\n\n<div style=\"height:20px\" aria-hidden=\"true\" class=\"wp-block-spacer\"><\/div>\n\n\n\n<h2 class=\"wp-block-heading\"><strong>Proceso de Admisi\u00f3n<\/strong><\/h2>\n\n\n\n<p><strong>Inicio de clases: <\/strong><br> <strong>Fisioterapia, Quiropr\u00e1ctica y Rehabilitaci\u00f3n Deportiva<\/strong>.<\/p>\n\n\n\n<p>Sin examen de admisi\u00f3n.<\/p>\n\n\n\n<p>Sin l\u00edmite de edad.<\/p>\n\n\n\n<p>Secundaria como grado m\u00ednimo de estudios.<\/p>\n\n\n\n<h2 class=\"wp-block-heading\"><strong>Documentos<\/strong><\/h2>\n\n\n\n<ul class=\"wp-block-list\">\n<li>Copia de INE<\/li>\n\n\n\n<li>Copia de la CURP<\/li>\n\n\n\n<li>Copia del Comprobante de estudios<\/li>\n\n\n\n<li>2 fotograf\u00edas tama\u00f1o infantil<\/li>\n<\/ul>\n\n\n\n<h2 class=\"wp-block-heading\"><strong>Inversi\u00f3n<\/strong><\/h2>\n\n\n\n<h4 class=\"wp-block-heading\"><strong><em>\u00a1Te obsequiamos una beca autom\u00e1ticamente al inscribirte!<\/em><\/strong><\/h4>\n\n\n\n<p>Inscripci\u00f3n (\u00fanica): $700<\/p>\n\n\n\n<p><em>*No hay reinscripciones.<\/em><\/p>\n\n\n\n<p>Mensualidades: $1,600&nbsp;<\/p>\n\n\n\n<h2 class=\"wp-block-heading\"><strong>Beca y Descuento<\/strong><\/h2>\n\n\n\n<h4 class=\"wp-block-heading\"><strong><em>\u00a1Te obsequiamos una beca autom\u00e1ticamente al inscribirte!<\/em><\/strong><\/h4>\n\n\n\n<p><em>Para asegurar tu lugar y tu beca realiza solo tu inscripci\u00f3n y la colegiatura el primer d\u00eda de clases.<\/em><\/p>\n\n\n\n<p><em>Asegurar tu lugar y tu BECA realizando SOLO la inscripci\u00f3n, puedes hacerlo directamente en el plantel o via instituci\u00f3n bancaria.<\/em><\/p>\n\n\n\n<p><strong>Inscripci\u00f3n (\u00fanica):<\/strong> $700<\/p>\n\n\n\n<p><em>*No hay reinscripciones.<\/em><\/p>\n\n\n\n<p><em>El pago de la mensualidad se realiza el primer d\u00eda de clases<\/em><\/p>\n\n\n\n<p><strong><em>Mensualidades: $1,600 (no sube de precio los 2 a\u00f1os 6 meses)<\/em><\/strong><\/p>\n\n\n\n<p><\/p>\n\n\n\n<h2 class=\"wp-block-heading\"><strong>Inscr\u00edbete<\/strong><\/h2>\n\n\n\n<ol class=\"wp-block-list\">\n<li>Entrega documentos completos.<\/li>\n\n\n\n<li>Recibe los datos bancarios para cubrir el pago de tu inscripci\u00f3n<\/li>\n\n\n\n<li>Realiza el pago de tu inscripci\u00f3n<strong>.<\/strong><\/li>\n<\/ol>\n\n\n\n<div class=\"wp-block-file\"><a id=\"wp-block-file--media-d66b0e1b-8b95-4891-8e22-912ebb548793\" href=\"http:\/\/esfrezumpango.com\/wp-content\/uploads\/2022\/07\/SOLICITUD-DE-INGRESO-ESFRE-1.pdf\" target=\"_blank\" rel=\"noreferrer noopener\">Solicitud de Ingreso ESFRE <\/a><a href=\"http:\/\/esfrezumpango.com\/wp-content\/uploads\/2022\/07\/SOLICITUD-DE-INGRESO-ESFRE-1.pdf\" class=\"wp-block-file__button wp-element-button\" download aria-describedby=\"wp-block-file--media-d66b0e1b-8b95-4891-8e22-912ebb548793\">Descarga<\/a><\/div>\n\n\n\n<div class=\"wp-block-file\"><a id=\"wp-block-file--media-a93d742f-b410-49e4-98a0-8036b4d57362\" href=\"http:\/\/esfrezumpango.com\/wp-content\/uploads\/2022\/07\/REGLAMENTO-INTERNO-PARA-ALUMNOS-22.pdf\">Reglamento interno para alumnos<\/a><a href=\"http:\/\/esfrezumpango.com\/wp-content\/uploads\/2022\/07\/REGLAMENTO-INTERNO-PARA-ALUMNOS-22.pdf\" class=\"wp-block-file__button wp-element-button\" download aria-describedby=\"wp-block-file--media-a93d742f-b410-49e4-98a0-8036b4d57362\">Descarga<\/a><\/div>\n\n\n\n<p><em>* No es necesario presentar comprobante de pago s\u00f3lo se te pide lo guardes por cualquier duda o aclaraci\u00f3n.<\/em><\/p>\n\n\n\n<p><\/p>\n","protected":false},"excerpt":{"rendered":"<p>Proceso de Admisi\u00f3n Inicio de clases: Fisioterapia, Quiropr\u00e1ctica y Rehabilitaci\u00f3n Deportiva. Sin examen de admisi\u00f3n. Sin l\u00edmite de edad. Secundaria como grado m\u00ednimo de estudios. Documentos Inversi\u00f3n \u00a1Te obsequiamos una beca autom\u00e1ticamente al inscribirte! Inscripci\u00f3n (\u00fanica): $700 *No hay reinscripciones. Mensualidades: $1,600&nbsp; Beca y Descuento \u00a1Te obsequiamos una beca autom\u00e1ticamente al inscribirte! Para asegurar tu [&hellip;]<\/p>\n","protected":false},"author":1,"featured_media":0,"parent":0,"menu_order":0,"comment_status":"closed","ping_status":"closed","template":"","meta":{"_uag_custom_page_level_css":"","site-sidebar-layout":"no-sidebar","site-content-layout":"plain-container","ast-site-content-layout":"normal-width-container","site-content-style":"unboxed","site-sidebar-style":"unboxed","ast-global-header-display":"","ast-banner-title-visibility":"","ast-main-header-display":"","ast-hfb-above-header-display":"","ast-hfb-below-header-display":"","ast-hfb-mobile-header-display":"","site-post-title":"disabled","ast-breadcrumbs-content":"","ast-featured-img":"","footer-sml-layout":"","theme-transparent-header-meta":"enabled","adv-header-id-meta":"","stick-header-meta":"","header-above-stick-meta":"","header-main-stick-meta":"","header-below-stick-meta":"","astra-migrate-meta-layouts":"set","ast-page-background-enabled":"default","ast-page-background-meta":{"desktop":{"background-color":"","background-image":"","background-repeat":"repeat","background-position":"center center","background-size":"auto","background-attachment":"scroll","background-type":"","background-media":"","overlay-type":"","overlay-color":"","overlay-opacity":"","overlay-gradient":""},"tablet":{"background-color":"","background-image":"","background-repeat":"repeat","background-position":"center center","background-size":"auto","background-attachment":"scroll","background-type":"","background-media":"","overlay-type":"","overlay-color":"","overlay-opacity":"","overlay-gradient":""},"mobile":{"background-color":"","background-image":"","background-repeat":"repeat","background-position":"center center","background-size":"auto","background-attachment":"scroll","background-type":"","background-media":"","overlay-type":"","overlay-color":"","overlay-opacity":"","overlay-gradient":""}},"ast-content-background-meta":{"desktop":{"background-color":"var(--ast-global-color-5)","background-image":"","background-repeat":"repeat","background-position":"center center","background-size":"auto","background-attachment":"scroll","background-type":"","background-media":"","overlay-type":"","overlay-color":"","overlay-opacity":"","overlay-gradient":""},"tablet":{"background-color":"var(--ast-global-color-5)","background-image":"","background-repeat":"repeat","background-position":"center center","background-size":"auto","background-attachment":"scroll","background-type":"","background-media":"","overlay-type":"","overlay-color":"","overlay-opacity":"","overlay-gradient":""},"mobile":{"background-color":"var(--ast-global-color-5)","background-image":"","background-repeat":"repeat","background-position":"center center","background-size":"auto","background-attachment":"scroll","background-type":"","background-media":"","overlay-type":"","overlay-color":"","overlay-opacity":"","overlay-gradient":""}},"footnotes":""},"class_list":["post-1636","page","type-page","status-publish","hentry"],"uagb_featured_image_src":{"full":false,"thumbnail":false,"medium":false,"medium_large":false,"large":false,"1536x1536":false,"2048x2048":false},"uagb_author_info":{"display_name":"JuanManuel","author_link":"https:\/\/esfrezumpango.com\/index.php\/author\/juanmanuel\/"},"uagb_comment_info":0,"uagb_excerpt":"Proceso de Admisi\u00f3n Inicio de clases: Fisioterapia, Quiropr\u00e1ctica y Rehabilitaci\u00f3n Deportiva. Sin examen de admisi\u00f3n. Sin l\u00edmite de edad. Secundaria como grado m\u00ednimo de estudios. Documentos Inversi\u00f3n \u00a1Te obsequiamos una beca autom\u00e1ticamente al inscribirte! Inscripci\u00f3n (\u00fanica): $700 *No hay reinscripciones. Mensualidades: $1,600&nbsp; Beca y Descuento \u00a1Te obsequiamos una beca autom\u00e1ticamente al inscribirte! Para asegurar tu&hellip;","_links":{"self":[{"href":"https:\/\/esfrezumpango.com\/index.php\/wp-json\/wp\/v2\/pages\/1636"}],"collection":[{"href":"https:\/\/esfrezumpango.com\/index.php\/wp-json\/wp\/v2\/pages"}],"about":[{"href":"https:\/\/esfrezumpango.com\/index.php\/wp-json\/wp\/v2\/types\/page"}],"author":[{"embeddable":true,"href":"https:\/\/esfrezumpango.com\/index.php\/wp-json\/wp\/v2\/users\/1"}],"replies":[{"embeddable":true,"href":"https:\/\/esfrezumpango.com\/index.php\/wp-json\/wp\/v2\/comments?post=1636"}],"version-history":[{"count":18,"href":"https:\/\/esfrezumpango.com\/index.php\/wp-json\/wp\/v2\/pages\/1636\/revisions"}],"predecessor-version":[{"id":2069,"href":"https:\/\/esfrezumpango.com\/index.php\/wp-json\/wp\/v2\/pages\/1636\/revisions\/2069"}],"wp:attachment":[{"href":"https:\/\/esfrezumpango.com\/index.php\/wp-json\/wp\/v2\/media?parent=1636"}],"curies":[{"name":"wp","href":"https:\/\/api.w.org\/{rel}","templated":true}]}}